{"id":111,"date":"2020-06-13T20:20:08","date_gmt":"2020-06-13T20:20:08","guid":{"rendered":"http:\/\/vegby.pn2.homeip.net\/?page_id=111"},"modified":"2025-01-15T07:54:07","modified_gmt":"2025-01-15T05:54:07","slug":"annexet","status":"publish","type":"page","link":"https:\/\/vegbybolsgard.se\/en\/annexet\/","title":{"rendered":"&#8221;Annexet&#8221;"},"content":{"rendered":"<div data-elementor-type=\"wp-page\" data-elementor-id=\"111\" class=\"elementor elementor-111\">\n\t\t\t\t\t\t<section class=\"elementor-section elementor-top-section elementor-element elementor-element-9b8fc8d elementor-section-boxed elementor-section-height-default elementor-section-height-default\" data-id=\"9b8fc8d\" data-element_type=\"section\" data-e-type=\"section\">\n\t\t\t\t\t\t<div class=\"elementor-container elementor-column-gap-default\">\n\t\t\t\t\t<div class=\"elementor-column elementor-col-100 elementor-top-column elementor-element elementor-element-fc9a392\" data-id=\"fc9a392\" data-element_type=\"column\" data-e-type=\"column\">\n\t\t\t<div class=\"elementor-widget-wrap elementor-element-populated\">\n\t\t\t\t\t\t<div class=\"elementor-element elementor-element-6939417 elementor-arrows-position-inside elementor-pagination-position-outside elementor-widget elementor-widget-image-carousel\" data-id=\"6939417\" data-element_type=\"widget\" data-e-type=\"widget\" data-settings=\"{&quot;slides_to_show&quot;:&quot;1&quot;,&quot;autoplay&quot;:&quot;no&quot;,&quot;navigation&quot;:&quot;both&quot;,&quot;infinite&quot;:&quot;yes&quot;,&quot;effect&quot;:&quot;slide&quot;,&quot;speed&quot;:500}\" data-widget_type=\"image-carousel.default\">\n\t\t\t\t<div class=\"elementor-widget-container\">\n\t\t\t\t\t\t\t<div class=\"elementor-image-carousel-wrapper swiper\" role=\"region\" aria-roledescription=\"carousel\" aria-label=\"Bildkarusell\" dir=\"ltr\">\n\t\t\t<div class=\"elementor-image-carousel swiper-wrapper swiper-image-stretch\" aria-live=\"polite\">\n\t\t\t\t\t\t\t\t<div class=\"swiper-slide\" role=\"group\" aria-roledescription=\"slide\" aria-label=\"1 of 9\" data-no-translation-aria-label=\"\"><figure class=\"swiper-slide-inner\"><img decoding=\"async\" class=\"swiper-slide-image\" src=\"https:\/\/vegbybolsgard.se\/wp-content\/uploads\/2022\/06\/Annexet-wide-2022-06.jpg\" alt=\"Annexet-wide-2022-06\" \/><\/figure><\/div><div class=\"swiper-slide\" role=\"group\" aria-roledescription=\"slide\" aria-label=\"2 of 9\" data-no-translation-aria-label=\"\"><figure class=\"swiper-slide-inner\"><img decoding=\"async\" class=\"swiper-slide-image\" src=\"https:\/\/vegbybolsgard.se\/wp-content\/uploads\/2020\/07\/kok_1.jpg\" alt=\"kok_1\" \/><\/figure><\/div><div class=\"swiper-slide\" role=\"group\" aria-roledescription=\"slide\" aria-label=\"3 of 9\" data-no-translation-aria-label=\"\"><figure class=\"swiper-slide-inner\"><img decoding=\"async\" class=\"swiper-slide-image\" src=\"https:\/\/vegbybolsgard.se\/wp-content\/uploads\/2020\/07\/kok_2.jpg\" alt=\"kok_2\" \/><\/figure><\/div><div class=\"swiper-slide\" role=\"group\" aria-roledescription=\"slide\" aria-label=\"4 of 9\" data-no-translation-aria-label=\"\"><figure class=\"swiper-slide-inner\"><img decoding=\"async\" class=\"swiper-slide-image\" src=\"https:\/\/vegbybolsgard.se\/wp-content\/uploads\/2020\/07\/kok_3.jpg\" alt=\"kok_3\" \/><\/figure><\/div><div class=\"swiper-slide\" role=\"group\" aria-roledescription=\"slide\" aria-label=\"5 of 9\" data-no-translation-aria-label=\"\"><figure class=\"swiper-slide-inner\"><img decoding=\"async\" class=\"swiper-slide-image\" src=\"https:\/\/vegbybolsgard.se\/wp-content\/uploads\/2022\/04\/allrum_3.jpg\" alt=\"allrum_3\" \/><\/figure><\/div><div class=\"swiper-slide\" role=\"group\" aria-roledescription=\"slide\" aria-label=\"6 of 9\" data-no-translation-aria-label=\"\"><figure class=\"swiper-slide-inner\"><img decoding=\"async\" class=\"swiper-slide-image\" src=\"https:\/\/vegbybolsgard.se\/wp-content\/uploads\/2022\/04\/allrum_2.jpg\" alt=\"allrum_2\" \/><\/figure><\/div><div class=\"swiper-slide\" role=\"group\" aria-roledescription=\"slide\" aria-label=\"7 of 9\" data-no-translation-aria-label=\"\"><figure class=\"swiper-slide-inner\"><img decoding=\"async\" class=\"swiper-slide-image\" src=\"https:\/\/vegbybolsgard.se\/wp-content\/uploads\/2022\/04\/allrum_1.jpg\" alt=\"allrum_1\" \/><\/figure><\/div><div class=\"swiper-slide\" role=\"group\" aria-roledescription=\"slide\" aria-label=\"8 of 9\" data-no-translation-aria-label=\"\"><figure class=\"swiper-slide-inner\"><img decoding=\"async\" class=\"swiper-slide-image\" src=\"https:\/\/vegbybolsgard.se\/wp-content\/uploads\/2022\/04\/allrum_6.jpg\" alt=\"allrum_6\" \/><\/figure><\/div><div class=\"swiper-slide\" role=\"group\" aria-roledescription=\"slide\" aria-label=\"9 of 9\" data-no-translation-aria-label=\"\"><figure class=\"swiper-slide-inner\"><img decoding=\"async\" class=\"swiper-slide-image\" src=\"https:\/\/vegbybolsgard.se\/wp-content\/uploads\/2022\/04\/allrum_5.jpg\" alt=\"allrum_5\" \/><\/figure><\/div>\t\t\t<\/div>\n\t\t\t\t\t\t\t\t\t\t\t\t<div class=\"elementor-swiper-button elementor-swiper-button-prev\" role=\"button\" tabindex=\"0\">\n\t\t\t\t\t\t<i aria-hidden=\"true\" class=\"eicon-chevron-left\"><\/i>\t\t\t\t\t<\/div>\n\t\t\t\t\t<div class=\"elementor-swiper-button elementor-swiper-button-next\" role=\"button\" tabindex=\"0\">\n\t\t\t\t\t\t<i aria-hidden=\"true\" class=\"eicon-chevron-right\"><\/i>\t\t\t\t\t<\/div>\n\t\t\t\t\n\t\t\t\t\t\t\t\t\t<div class=\"swiper-pagination\"><\/div>\n\t\t\t\t\t\t\t\t\t<\/div>\n\t\t\t\t\t\t<\/div>\n\t\t\t\t<\/div>\n\t\t\t\t\t<\/div>\n\t\t<\/div>\n\t\t\t\t\t<\/div>\n\t\t<\/section>\n\t\t\t\t<section class=\"elementor-section elementor-top-section elementor-element elementor-element-37b626bd elementor-section-boxed elementor-section-height-default elementor-section-height-default\" data-id=\"37b626bd\" data-element_type=\"section\" data-e-type=\"section\">\n\t\t\t\t\t\t<div class=\"elementor-container elementor-column-gap-default\">\n\t\t\t\t\t<div class=\"elementor-column elementor-col-100 elementor-top-column elementor-element elementor-element-17aef4ec\" data-id=\"17aef4ec\" data-element_type=\"column\" data-e-type=\"column\">\n\t\t\t<div class=\"elementor-widget-wrap elementor-element-populated\">\n\t\t\t\t\t\t<div class=\"elementor-element elementor-element-44346c2b elementor-widget elementor-widget-text-editor\" data-id=\"44346c2b\" data-element_type=\"widget\" data-e-type=\"widget\" data-widget_type=\"text-editor.default\">\n\t\t\t\t<div class=\"elementor-widget-container\">\n\t\t\t\t\t\t\t\t\t<blockquote>\n<p><span style=\"font-size: 16pt; font-style: normal; letter-spacing: 0px; font-family: 'Roboto Slab';\">\"Annexet\" is a fresh, modern and pleasant larger farmhouse. The kitchen is well equipped incuding kettle, coffee maker, toaster, dishwasher and microwave.<\/span><\/p>\n<p><span style=\"font-size: 16pt; letter-spacing: 0px;\">Four bedrooms, one with a double bed and the others with single beds. Living room with TV (Chromecast), sofa and a dining table. Two toilets with shower (one on each floor) and a laundry room equipped with washing machine, tumble dryer and drying rack. High chair and cot available if required<\/span><\/p>\n<p><span style=\"font-family: 'Roboto Slab'; font-style: normal; letter-spacing: 0px; font-size: 16pt;\">Wireless internet is available throughout the house. Bed linen and towels are included.<\/span><\/p>\n<p><span style=\"font-family: 'Roboto Slab'; font-style: normal; letter-spacing: 0px; font-size: 16pt;\">Garden furniture and barbecue is available in the summer.<\/span><\/p>\n<p><span style=\"font-family: 'Roboto Slab'; font-style: normal; letter-spacing: 0px; font-size: 16pt;\">Non smoking!<\/span><\/p><p><span style=\"font-family: &quot;Roboto Slab&quot;; font-size: 21.3333px; font-style: normal;\">No pets allowed!<\/span><span style=\"font-family: 'Roboto Slab'; font-style: normal; letter-spacing: 0px; font-size: 16pt;\"><\/span><\/p>\n<p><span style=\"font-family: 'Roboto Slab'; font-style: normal; letter-spacing: 0px; font-size: 16pt;\">The house is about 120 sqm<\/span><\/p>\n<\/blockquote>\n<p><!-- \/wp:paragraph --><\/p>\t\t\t\t\t\t\t\t<\/div>\n\t\t\t\t<\/div>\n\t\t\t\t\t<\/div>\n\t\t<\/div>\n\t\t\t\t\t<\/div>\n\t\t<\/section>\n\t\t\t\t<section class=\"elementor-section elementor-top-section elementor-element elementor-element-050bab4 elementor-section-boxed elementor-section-height-default elementor-section-height-default\" data-id=\"050bab4\" data-element_type=\"section\" data-e-type=\"section\">\n\t\t\t\t\t\t<div class=\"elementor-container elementor-column-gap-default\">\n\t\t\t\t\t<div class=\"elementor-column elementor-col-25 elementor-top-column elementor-element elementor-element-1fc5f9f\" data-id=\"1fc5f9f\" data-element_type=\"column\" data-e-type=\"column\">\n\t\t\t<div class=\"elementor-widget-wrap elementor-element-populated\">\n\t\t\t\t\t\t<div class=\"elementor-element elementor-element-ec6d9a2 elementor-position-top elementor-widget elementor-widget-image-box\" data-id=\"ec6d9a2\" data-element_type=\"widget\" data-e-type=\"widget\" data-widget_type=\"image-box.default\">\n\t\t\t\t<div class=\"elementor-widget-container\">\n\t\t\t\t\t<div class=\"elementor-image-box-wrapper\"><figure class=\"elementor-image-box-img\"><a href=\"https:\/\/vegbybolsgard.se\/index.php\/rum-1\/\" tabindex=\"-1\"><img fetchpriority=\"high\" decoding=\"async\" width=\"1196\" height=\"673\" src=\"https:\/\/vegbybolsgard.se\/wp-content\/uploads\/2020\/07\/rum-1_1.jpg\" class=\"attachment-full size-full wp-image-611\" alt=\"\" srcset=\"https:\/\/vegbybolsgard.se\/wp-content\/uploads\/2020\/07\/rum-1_1.jpg 1196w, https:\/\/vegbybolsgard.se\/wp-content\/uploads\/2020\/07\/rum-1_1-300x169.jpg 300w, https:\/\/vegbybolsgard.se\/wp-content\/uploads\/2020\/07\/rum-1_1-1024x576.jpg 1024w, https:\/\/vegbybolsgard.se\/wp-content\/uploads\/2020\/07\/rum-1_1-768x432.jpg 768w\" sizes=\"(max-width: 1196px) 100vw, 1196px\" \/><\/a><\/figure><div class=\"elementor-image-box-content\"><h3 class=\"elementor-image-box-title\"><a href=\"https:\/\/vegbybolsgard.se\/index.php\/rum-1\/\">Room 1<\/a><\/h3><p class=\"elementor-image-box-description\">Room size 15m\u00b2<\/p><\/div><\/div>\t\t\t\t<\/div>\n\t\t\t\t<\/div>\n\t\t\t\t\t<\/div>\n\t\t<\/div>\n\t\t\t\t<div class=\"elementor-column elementor-col-25 elementor-top-column elementor-element elementor-element-153d881\" data-id=\"153d881\" data-element_type=\"column\" data-e-type=\"column\">\n\t\t\t<div class=\"elementor-widget-wrap elementor-element-populated\">\n\t\t\t\t\t\t<div class=\"elementor-element elementor-element-c1acc83 elementor-position-top elementor-widget elementor-widget-image-box\" data-id=\"c1acc83\" data-element_type=\"widget\" data-e-type=\"widget\" data-widget_type=\"image-box.default\">\n\t\t\t\t<div class=\"elementor-widget-container\">\n\t\t\t\t\t<div class=\"elementor-image-box-wrapper\"><figure class=\"elementor-image-box-img\"><a href=\"https:\/\/vegbybolsgard.se\/index.php\/rum-2\/\" tabindex=\"-1\"><img decoding=\"async\" width=\"1193\" height=\"671\" src=\"https:\/\/vegbybolsgard.se\/wp-content\/uploads\/2023\/03\/sovrum-2-wide-1.jpg\" class=\"attachment-full size-full wp-image-938\" alt=\"\" srcset=\"https:\/\/vegbybolsgard.se\/wp-content\/uploads\/2023\/03\/sovrum-2-wide-1.jpg 1193w, https:\/\/vegbybolsgard.se\/wp-content\/uploads\/2023\/03\/sovrum-2-wide-1-300x169.jpg 300w, https:\/\/vegbybolsgard.se\/wp-content\/uploads\/2023\/03\/sovrum-2-wide-1-1024x576.jpg 1024w, https:\/\/vegbybolsgard.se\/wp-content\/uploads\/2023\/03\/sovrum-2-wide-1-768x432.jpg 768w, https:\/\/vegbybolsgard.se\/wp-content\/uploads\/2023\/03\/sovrum-2-wide-1-18x10.jpg 18w\" sizes=\"(max-width: 1193px) 100vw, 1193px\" \/><\/a><\/figure><div class=\"elementor-image-box-content\"><h3 class=\"elementor-image-box-title\"><a href=\"https:\/\/vegbybolsgard.se\/index.php\/rum-2\/\">Room 2<\/a><\/h3><p class=\"elementor-image-box-description\">Room size 12m\u00b2<\/p><\/div><\/div>\t\t\t\t<\/div>\n\t\t\t\t<\/div>\n\t\t\t\t\t<\/div>\n\t\t<\/div>\n\t\t\t\t<div class=\"elementor-column elementor-col-25 elementor-top-column elementor-element elementor-element-3bcc386\" data-id=\"3bcc386\" data-element_type=\"column\" data-e-type=\"column\">\n\t\t\t<div class=\"elementor-widget-wrap elementor-element-populated\">\n\t\t\t\t\t\t<div class=\"elementor-element elementor-element-5cf486f elementor-position-top elementor-widget elementor-widget-image-box\" data-id=\"5cf486f\" data-element_type=\"widget\" data-e-type=\"widget\" data-widget_type=\"image-box.default\">\n\t\t\t\t<div class=\"elementor-widget-container\">\n\t\t\t\t\t<div class=\"elementor-image-box-wrapper\"><figure class=\"elementor-image-box-img\"><a href=\"https:\/\/vegbybolsgard.se\/index.php\/rum-3\/\" tabindex=\"-1\"><img decoding=\"async\" width=\"1024\" height=\"576\" src=\"https:\/\/vegbybolsgard.se\/wp-content\/uploads\/2020\/07\/old-rum3_2.jpg\" class=\"attachment-full size-full wp-image-632\" alt=\"\" srcset=\"https:\/\/vegbybolsgard.se\/wp-content\/uploads\/2020\/07\/old-rum3_2.jpg 1024w, https:\/\/vegbybolsgard.se\/wp-content\/uploads\/2020\/07\/old-rum3_2-300x169.jpg 300w, https:\/\/vegbybolsgard.se\/wp-content\/uploads\/2020\/07\/old-rum3_2-768x432.jpg 768w\" sizes=\"(max-width: 1024px) 100vw, 1024px\" \/><\/a><\/figure><div class=\"elementor-image-box-content\"><h3 class=\"elementor-image-box-title\"><a href=\"https:\/\/vegbybolsgard.se\/index.php\/rum-3\/\">Room 3<\/a><\/h3><p class=\"elementor-image-box-description\">Room size 15m\u00b2<\/p><\/div><\/div>\t\t\t\t<\/div>\n\t\t\t\t<\/div>\n\t\t\t\t\t<\/div>\n\t\t<\/div>\n\t\t\t\t<div class=\"elementor-column elementor-col-25 elementor-top-column elementor-element elementor-element-c70a79d\" data-id=\"c70a79d\" data-element_type=\"column\" data-e-type=\"column\">\n\t\t\t<div class=\"elementor-widget-wrap elementor-element-populated\">\n\t\t\t\t\t\t<div class=\"elementor-element elementor-element-adc297c elementor-position-top elementor-widget elementor-widget-image-box\" data-id=\"adc297c\" data-element_type=\"widget\" data-e-type=\"widget\" data-widget_type=\"image-box.default\">\n\t\t\t\t<div class=\"elementor-widget-container\">\n\t\t\t\t\t<div class=\"elementor-image-box-wrapper\"><figure class=\"elementor-image-box-img\"><a href=\"https:\/\/vegbybolsgard.se\/index.php\/rum-4\/\" tabindex=\"-1\"><img loading=\"lazy\" decoding=\"async\" width=\"1267\" height=\"713\" src=\"https:\/\/vegbybolsgard.se\/wp-content\/uploads\/2022\/04\/rum4_1-1.jpg\" class=\"attachment-full size-full wp-image-856\" alt=\"\" srcset=\"https:\/\/vegbybolsgard.se\/wp-content\/uploads\/2022\/04\/rum4_1-1.jpg 1267w, https:\/\/vegbybolsgard.se\/wp-content\/uploads\/2022\/04\/rum4_1-1-300x169.jpg 300w, https:\/\/vegbybolsgard.se\/wp-content\/uploads\/2022\/04\/rum4_1-1-1024x576.jpg 1024w, https:\/\/vegbybolsgard.se\/wp-content\/uploads\/2022\/04\/rum4_1-1-768x432.jpg 768w, https:\/\/vegbybolsgard.se\/wp-content\/uploads\/2022\/04\/rum4_1-1-18x10.jpg 18w\" sizes=\"(max-width: 1267px) 100vw, 1267px\" \/><\/a><\/figure><div class=\"elementor-image-box-content\"><h3 class=\"elementor-image-box-title\"><a href=\"https:\/\/vegbybolsgard.se\/index.php\/rum-4\/\">Room 4<\/a><\/h3><p class=\"elementor-image-box-description\">Room size 10m\u00b2<\/p><\/div><\/div>\t\t\t\t<\/div>\n\t\t\t\t<\/div>\n\t\t\t\t\t<\/div>\n\t\t<\/div>\n\t\t\t\t\t<\/div>\n\t\t<\/section>\n\t\t\t\t<section class=\"elementor-section elementor-top-section elementor-element elementor-element-411c88b elementor-section-boxed elementor-section-height-default elementor-section-height-default\" data-id=\"411c88b\" data-element_type=\"section\" data-e-type=\"section\">\n\t\t\t\t\t\t<div class=\"elementor-container elementor-column-gap-default\">\n\t\t\t\t\t<div class=\"elementor-column elementor-col-100 elementor-top-column elementor-element elementor-element-c550f8c\" data-id=\"c550f8c\" data-element_type=\"column\" data-e-type=\"column\">\n\t\t\t<div class=\"elementor-widget-wrap elementor-element-populated\">\n\t\t\t\t\t\t<div class=\"elementor-element elementor-element-efa962d elementor-align-center elementor-widget elementor-widget-button\" data-id=\"efa962d\" data-element_type=\"widget\" data-e-type=\"widget\" data-widget_type=\"button.default\">\n\t\t\t\t<div class=\"elementor-widget-container\">\n\t\t\t\t\t\t\t\t\t<div class=\"elementor-button-wrapper\">\n\t\t\t\t\t<a class=\"elementor-button elementor-button-link elementor-size-lg\" href=\"https:\/\/vegbybolsgard.se\/index.php\/bokningsforfragan\/\">\n\t\t\t\t\t\t<span class=\"elementor-button-content-wrapper\">\n\t\t\t\t\t\t\t\t\t<span class=\"elementor-button-text\">Book<\/span>\n\t\t\t\t\t<\/span>\n\t\t\t\t\t<\/a>\n\t\t\t\t<\/div>\n\t\t\t\t\t\t\t\t<\/div>\n\t\t\t\t<\/div>\n\t\t\t\t\t<\/div>\n\t\t<\/div>\n\t\t\t\t\t<\/div>\n\t\t<\/section>\n\t\t\t\t<\/div>","protected":false},"excerpt":{"rendered":"<p>&#8221;Annexet&#8221; \u00e4r ett fr\u00e4scht, modernt och trivsamt st\u00f6rre g\u00e5rdshus. K\u00f6ket \u00e4r v\u00e4lutrustat med bla. vattenkokare, kaffebryggare, br\u00f6drost, diskmaskin och mikrov\u00e5gsugn. Fyra sovrum varav ett med dubbels\u00e4ng och de andra med enkels\u00e4ngar.&nbsp;Allrum med TV (Chromecast), soffa och ett matsalsbord. Tv\u00e5 toaletter med dusch (en p\u00e5 varje v\u00e5ningsplan) och en tv\u00e4ttstuga utrustad med tv\u00e4ttmaskin, torktumlare och torkst\u00e4llning.&nbsp;Barnstol <a class=\"read-more\" href=\"https:\/\/vegbybolsgard.se\/en\/annexet\/\">Read More<\/a><\/p>","protected":false},"author":1,"featured_media":0,"parent":0,"menu_order":0,"comment_status":"closed","ping_status":"open","template":"template-full-width.php","meta":{"footnotes":""},"class_list":["post-111","page","type-page","status-publish","hentry"],"yoast_head":"<!-- This site is optimized with the Yoast SEO plugin v27.5 - https:\/\/yoast.com\/product\/yoast-seo-wordpress\/ -->\n<title>&quot;Annexet&quot; - Vegby Bolsg&aring;rd<\/title>\n<meta name=\"robots\" content=\"index, follow, max-snippet:-1, max-image-preview:large, max-video-preview:-1\" \/>\n<link rel=\"canonical\" href=\"https:\/\/vegbybolsgard.se\/en\/annexet\/\" \/>\n<meta property=\"og:locale\" content=\"en_US\" \/>\n<meta property=\"og:type\" content=\"article\" \/>\n<meta property=\"og:title\" content=\"&quot;Annexet&quot; - Vegby Bolsg&aring;rd\" \/>\n<meta property=\"og:description\" content=\"&#8221;Annexet&#8221; \u00e4r ett fr\u00e4scht, modernt och trivsamt st\u00f6rre g\u00e5rdshus. K\u00f6ket \u00e4r v\u00e4lutrustat med bla. vattenkokare, kaffebryggare, br\u00f6drost, diskmaskin och mikrov\u00e5gsugn. Fyra sovrum varav ett med dubbels\u00e4ng och de andra med enkels\u00e4ngar.&nbsp;Allrum med TV (Chromecast), soffa och ett matsalsbord. Tv\u00e5 toaletter med dusch (en p\u00e5 varje v\u00e5ningsplan) och en tv\u00e4ttstuga utrustad med tv\u00e4ttmaskin, torktumlare och torkst\u00e4llning.&nbsp;Barnstol Read More\" \/>\n<meta property=\"og:url\" content=\"https:\/\/vegbybolsgard.se\/en\/annexet\/\" \/>\n<meta property=\"og:site_name\" content=\"Vegby Bolsg&aring;rd\" \/>\n<meta property=\"article:publisher\" content=\"https:\/\/www.facebook.com\/vegbybolsgard\" \/>\n<meta property=\"article:modified_time\" content=\"2025-01-15T05:54:07+00:00\" \/>\n<meta property=\"og:image\" content=\"https:\/\/vegbybolsgard.se\/wp-content\/uploads\/2022\/06\/Annexet-wide-2022-06.jpg\" \/>\n<meta name=\"twitter:card\" content=\"summary_large_image\" \/>\n<meta name=\"twitter:label1\" content=\"Est. reading time\" \/>\n\t<meta name=\"twitter:data1\" content=\"4 minutes\" \/>\n<script type=\"application\/ld+json\" class=\"yoast-schema-graph\">{\"@context\":\"https:\\\/\\\/schema.org\",\"@graph\":[{\"@type\":\"WebPage\",\"@id\":\"https:\\\/\\\/vegbybolsgard.se\\\/annexet\\\/\",\"url\":\"https:\\\/\\\/vegbybolsgard.se\\\/annexet\\\/\",\"name\":\"\\\"Annexet\\\" - Vegby Bolsg&aring;rd\",\"isPartOf\":{\"@id\":\"https:\\\/\\\/vegbybolsgard.se\\\/#website\"},\"primaryImageOfPage\":{\"@id\":\"https:\\\/\\\/vegbybolsgard.se\\\/annexet\\\/#primaryimage\"},\"image\":{\"@id\":\"https:\\\/\\\/vegbybolsgard.se\\\/annexet\\\/#primaryimage\"},\"thumbnailUrl\":\"https:\\\/\\\/vegbybolsgard.se\\\/wp-content\\\/uploads\\\/2022\\\/06\\\/Annexet-wide-2022-06.jpg\",\"datePublished\":\"2020-06-13T20:20:08+00:00\",\"dateModified\":\"2025-01-15T05:54:07+00:00\",\"breadcrumb\":{\"@id\":\"https:\\\/\\\/vegbybolsgard.se\\\/annexet\\\/#breadcrumb\"},\"inLanguage\":\"en-US\",\"potentialAction\":[{\"@type\":\"ReadAction\",\"target\":[\"https:\\\/\\\/vegbybolsgard.se\\\/annexet\\\/\"]}]},{\"@type\":\"ImageObject\",\"inLanguage\":\"en-US\",\"@id\":\"https:\\\/\\\/vegbybolsgard.se\\\/annexet\\\/#primaryimage\",\"url\":\"https:\\\/\\\/vegbybolsgard.se\\\/wp-content\\\/uploads\\\/2022\\\/06\\\/Annexet-wide-2022-06.jpg\",\"contentUrl\":\"https:\\\/\\\/vegbybolsgard.se\\\/wp-content\\\/uploads\\\/2022\\\/06\\\/Annexet-wide-2022-06.jpg\"},{\"@type\":\"BreadcrumbList\",\"@id\":\"https:\\\/\\\/vegbybolsgard.se\\\/annexet\\\/#breadcrumb\",\"itemListElement\":[{\"@type\":\"ListItem\",\"position\":1,\"name\":\"Home\",\"item\":\"https:\\\/\\\/vegbybolsgard.se\\\/\"},{\"@type\":\"ListItem\",\"position\":2,\"name\":\"&#8221;Annexet&#8221;\"}]},{\"@type\":\"WebSite\",\"@id\":\"https:\\\/\\\/vegbybolsgard.se\\\/#website\",\"url\":\"https:\\\/\\\/vegbybolsgard.se\\\/\",\"name\":\"Vegby Bolsg\u00e5rd\",\"description\":\"V&auml;lkommen att bo p&aring; v&aring;r g&aring;rd\",\"publisher\":{\"@id\":\"https:\\\/\\\/vegbybolsgard.se\\\/#organization\"},\"potentialAction\":[{\"@type\":\"SearchAction\",\"target\":{\"@type\":\"EntryPoint\",\"urlTemplate\":\"https:\\\/\\\/vegbybolsgard.se\\\/?s={search_term_string}\"},\"query-input\":{\"@type\":\"PropertyValueSpecification\",\"valueRequired\":true,\"valueName\":\"search_term_string\"}}],\"inLanguage\":\"en-US\"},{\"@type\":\"Organization\",\"@id\":\"https:\\\/\\\/vegbybolsgard.se\\\/#organization\",\"name\":\"Vegby Bolsg\u00e5rd\",\"url\":\"https:\\\/\\\/vegbybolsgard.se\\\/\",\"logo\":{\"@type\":\"ImageObject\",\"inLanguage\":\"en-US\",\"@id\":\"https:\\\/\\\/vegbybolsgard.se\\\/#\\\/schema\\\/logo\\\/image\\\/\",\"url\":\"https:\\\/\\\/vegbybolsgard.se\\\/wp-content\\\/uploads\\\/2020\\\/07\\\/Vegby_mail_logo_contact_form.png\",\"contentUrl\":\"https:\\\/\\\/vegbybolsgard.se\\\/wp-content\\\/uploads\\\/2020\\\/07\\\/Vegby_mail_logo_contact_form.png\",\"width\":255,\"height\":40,\"caption\":\"Vegby Bolsg\u00e5rd\"},\"image\":{\"@id\":\"https:\\\/\\\/vegbybolsgard.se\\\/#\\\/schema\\\/logo\\\/image\\\/\"},\"sameAs\":[\"https:\\\/\\\/www.facebook.com\\\/vegbybolsgard\"]}]}<\/script>\n<!-- \/ Yoast SEO plugin. -->","yoast_head_json":{"title":"\"Annexet\" - Vegby Bolsg&aring;rd","robots":{"index":"index","follow":"follow","max-snippet":"max-snippet:-1","max-image-preview":"max-image-preview:large","max-video-preview":"max-video-preview:-1"},"canonical":"https:\/\/vegbybolsgard.se\/en\/annexet\/","og_locale":"en_US","og_type":"article","og_title":"\"Annexet\" - Vegby Bolsg&aring;rd","og_description":"&#8221;Annexet&#8221; \u00e4r ett fr\u00e4scht, modernt och trivsamt st\u00f6rre g\u00e5rdshus. K\u00f6ket \u00e4r v\u00e4lutrustat med bla. vattenkokare, kaffebryggare, br\u00f6drost, diskmaskin och mikrov\u00e5gsugn. Fyra sovrum varav ett med dubbels\u00e4ng och de andra med enkels\u00e4ngar.&nbsp;Allrum med TV (Chromecast), soffa och ett matsalsbord. Tv\u00e5 toaletter med dusch (en p\u00e5 varje v\u00e5ningsplan) och en tv\u00e4ttstuga utrustad med tv\u00e4ttmaskin, torktumlare och torkst\u00e4llning.&nbsp;Barnstol Read More","og_url":"https:\/\/vegbybolsgard.se\/en\/annexet\/","og_site_name":"Vegby Bolsg&aring;rd","article_publisher":"https:\/\/www.facebook.com\/vegbybolsgard","article_modified_time":"2025-01-15T05:54:07+00:00","og_image":[{"url":"https:\/\/vegbybolsgard.se\/wp-content\/uploads\/2022\/06\/Annexet-wide-2022-06.jpg","type":"","width":"","height":""}],"twitter_card":"summary_large_image","twitter_misc":{"Est. reading time":"4 minutes"},"schema":{"@context":"https:\/\/schema.org","@graph":[{"@type":"WebPage","@id":"https:\/\/vegbybolsgard.se\/annexet\/","url":"https:\/\/vegbybolsgard.se\/annexet\/","name":"\"Annexet\" - Vegby Bolsg&aring;rd","isPartOf":{"@id":"https:\/\/vegbybolsgard.se\/#website"},"primaryImageOfPage":{"@id":"https:\/\/vegbybolsgard.se\/annexet\/#primaryimage"},"image":{"@id":"https:\/\/vegbybolsgard.se\/annexet\/#primaryimage"},"thumbnailUrl":"https:\/\/vegbybolsgard.se\/wp-content\/uploads\/2022\/06\/Annexet-wide-2022-06.jpg","datePublished":"2020-06-13T20:20:08+00:00","dateModified":"2025-01-15T05:54:07+00:00","breadcrumb":{"@id":"https:\/\/vegbybolsgard.se\/annexet\/#breadcrumb"},"inLanguage":"en-US","potentialAction":[{"@type":"ReadAction","target":["https:\/\/vegbybolsgard.se\/annexet\/"]}]},{"@type":"ImageObject","inLanguage":"en-US","@id":"https:\/\/vegbybolsgard.se\/annexet\/#primaryimage","url":"https:\/\/vegbybolsgard.se\/wp-content\/uploads\/2022\/06\/Annexet-wide-2022-06.jpg","contentUrl":"https:\/\/vegbybolsgard.se\/wp-content\/uploads\/2022\/06\/Annexet-wide-2022-06.jpg"},{"@type":"BreadcrumbList","@id":"https:\/\/vegbybolsgard.se\/annexet\/#breadcrumb","itemListElement":[{"@type":"ListItem","position":1,"name":"Home","item":"https:\/\/vegbybolsgard.se\/"},{"@type":"ListItem","position":2,"name":"&#8221;Annexet&#8221;"}]},{"@type":"WebSite","@id":"https:\/\/vegbybolsgard.se\/#website","url":"https:\/\/vegbybolsgard.se\/","name":"Vegby Bolsg\u00e5rd","description":"Welcome to stay on our farm","publisher":{"@id":"https:\/\/vegbybolsgard.se\/#organization"},"potentialAction":[{"@type":"SearchAction","target":{"@type":"EntryPoint","urlTemplate":"https:\/\/vegbybolsgard.se\/?s={search_term_string}"},"query-input":{"@type":"PropertyValueSpecification","valueRequired":true,"valueName":"search_term_string"}}],"inLanguage":"en-US"},{"@type":"Organization","@id":"https:\/\/vegbybolsgard.se\/#organization","name":"Vegby Bolsg\u00e5rd","url":"https:\/\/vegbybolsgard.se\/","logo":{"@type":"ImageObject","inLanguage":"en-US","@id":"https:\/\/vegbybolsgard.se\/#\/schema\/logo\/image\/","url":"https:\/\/vegbybolsgard.se\/wp-content\/uploads\/2020\/07\/Vegby_mail_logo_contact_form.png","contentUrl":"https:\/\/vegbybolsgard.se\/wp-content\/uploads\/2020\/07\/Vegby_mail_logo_contact_form.png","width":255,"height":40,"caption":"Vegby Bolsg\u00e5rd"},"image":{"@id":"https:\/\/vegbybolsgard.se\/#\/schema\/logo\/image\/"},"sameAs":["https:\/\/www.facebook.com\/vegbybolsgard"]}]}},"_links":{"self":[{"href":"https:\/\/vegbybolsgard.se\/en\/wp-json\/wp\/v2\/pages\/111","targetHints":{"allow":["GET"]}}],"collection":[{"href":"https:\/\/vegbybolsgard.se\/en\/wp-json\/wp\/v2\/pages"}],"about":[{"href":"https:\/\/vegbybolsgard.se\/en\/wp-json\/wp\/v2\/types\/page"}],"author":[{"embeddable":true,"href":"https:\/\/vegbybolsgard.se\/en\/wp-json\/wp\/v2\/users\/1"}],"replies":[{"embeddable":true,"href":"https:\/\/vegbybolsgard.se\/en\/wp-json\/wp\/v2\/comments?post=111"}],"version-history":[{"count":122,"href":"https:\/\/vegbybolsgard.se\/en\/wp-json\/wp\/v2\/pages\/111\/revisions"}],"predecessor-version":[{"id":1030,"href":"https:\/\/vegbybolsgard.se\/en\/wp-json\/wp\/v2\/pages\/111\/revisions\/1030"}],"wp:attachment":[{"href":"https:\/\/vegbybolsgard.se\/en\/wp-json\/wp\/v2\/media?parent=111"}],"curies":[{"name":"wp","href":"https:\/\/api.w.org\/{rel}","templated":true}]}}