{"id":206,"date":"2020-06-14T15:49:46","date_gmt":"2020-06-14T15:49:46","guid":{"rendered":"http:\/\/vegby.pn2.homeip.net\/?page_id=206"},"modified":"2022-04-14T11:23:35","modified_gmt":"2022-04-14T09:23:35","slug":"rum-4","status":"publish","type":"page","link":"https:\/\/vegbybolsgard.se\/en\/rum-4\/","title":{"rendered":"Room 4"},"content":{"rendered":"<div data-elementor-type=\"wp-page\" data-elementor-id=\"206\" class=\"elementor elementor-206\">\n\t\t\t\t\t\t<section class=\"elementor-section elementor-top-section elementor-element elementor-element-9b8fc8d elementor-section-boxed elementor-section-height-default elementor-section-height-default\" data-id=\"9b8fc8d\" data-element_type=\"section\" data-e-type=\"section\">\n\t\t\t\t\t\t<div class=\"elementor-container elementor-column-gap-default\">\n\t\t\t\t\t<div class=\"elementor-column elementor-col-100 elementor-top-column elementor-element elementor-element-fc9a392\" data-id=\"fc9a392\" data-element_type=\"column\" data-e-type=\"column\">\n\t\t\t<div class=\"elementor-widget-wrap elementor-element-populated\">\n\t\t\t\t\t\t<div class=\"elementor-element elementor-element-6939417 elementor-arrows-position-inside elementor-pagination-position-outside elementor-widget elementor-widget-image-carousel\" data-id=\"6939417\" data-element_type=\"widget\" data-e-type=\"widget\" data-settings=\"{&quot;slides_to_show&quot;:&quot;1&quot;,&quot;autoplay&quot;:&quot;no&quot;,&quot;navigation&quot;:&quot;both&quot;,&quot;infinite&quot;:&quot;yes&quot;,&quot;effect&quot;:&quot;slide&quot;,&quot;speed&quot;:500}\" data-widget_type=\"image-carousel.default\">\n\t\t\t\t<div class=\"elementor-widget-container\">\n\t\t\t\t\t\t\t<div class=\"elementor-image-carousel-wrapper swiper\" role=\"region\" aria-roledescription=\"carousel\" aria-label=\"Image Carousel\" dir=\"ltr\">\n\t\t\t<div class=\"elementor-image-carousel swiper-wrapper swiper-image-stretch\" aria-live=\"polite\">\n\t\t\t\t\t\t\t\t<div class=\"swiper-slide\" role=\"group\" aria-roledescription=\"slide\" aria-label=\"1 of 2\"><figure class=\"swiper-slide-inner\"><img decoding=\"async\" class=\"swiper-slide-image\" src=\"https:\/\/vegbybolsgard.se\/wp-content\/uploads\/2022\/04\/rum4_1-1.jpg\" alt=\"rum4_1\" \/><\/figure><\/div><div class=\"swiper-slide\" role=\"group\" aria-roledescription=\"slide\" aria-label=\"2 of 2\"><figure class=\"swiper-slide-inner\"><img decoding=\"async\" class=\"swiper-slide-image\" src=\"https:\/\/vegbybolsgard.se\/wp-content\/uploads\/2022\/04\/rum4_2-1.jpg\" alt=\"rum4_2\" \/><\/figure><\/div>\t\t\t<\/div>\n\t\t\t\t\t\t\t\t\t\t\t\t<div class=\"elementor-swiper-button elementor-swiper-button-prev\" role=\"button\" tabindex=\"0\">\n\t\t\t\t\t\t<i aria-hidden=\"true\" class=\"eicon-chevron-left\"><\/i>\t\t\t\t\t<\/div>\n\t\t\t\t\t<div class=\"elementor-swiper-button elementor-swiper-button-next\" role=\"button\" tabindex=\"0\">\n\t\t\t\t\t\t<i aria-hidden=\"true\" class=\"eicon-chevron-right\"><\/i>\t\t\t\t\t<\/div>\n\t\t\t\t\n\t\t\t\t\t\t\t\t\t<div class=\"swiper-pagination\"><\/div>\n\t\t\t\t\t\t\t\t\t<\/div>\n\t\t\t\t\t\t<\/div>\n\t\t\t\t<\/div>\n\t\t\t\t\t<\/div>\n\t\t<\/div>\n\t\t\t\t\t<\/div>\n\t\t<\/section>\n\t\t\t\t<section class=\"elementor-section elementor-top-section elementor-element elementor-element-37b626bd elementor-section-boxed elementor-section-height-default elementor-section-height-default\" data-id=\"37b626bd\" data-element_type=\"section\" data-e-type=\"section\">\n\t\t\t\t\t\t<div class=\"elementor-container elementor-column-gap-default\">\n\t\t\t\t\t<div class=\"elementor-column elementor-col-100 elementor-top-column elementor-element elementor-element-17aef4ec\" data-id=\"17aef4ec\" data-element_type=\"column\" data-e-type=\"column\">\n\t\t\t<div class=\"elementor-widget-wrap elementor-element-populated\">\n\t\t\t\t\t\t<div class=\"elementor-element elementor-element-44346c2b elementor-widget elementor-widget-text-editor\" data-id=\"44346c2b\" data-element_type=\"widget\" data-e-type=\"widget\" data-widget_type=\"text-editor.default\">\n\t\t\t\t<div class=\"elementor-widget-container\">\n\t\t\t\t\t\t\t\t\t<p><\/p>\n<blockquote>\n<p><span style=\"font-family: 'Roboto Slab'; font-size: 16pt;\">Room size 10 m\u00b2<\/span><\/p>\n<p><span style=\"font-family: 'Roboto Slab'; font-size: 16pt;\"><span style=\"font-style: normal; letter-spacing: 0px;\">Room facilities:<br \/><\/span><span style=\"font-style: normal; letter-spacing: 0px;\">- Lower floor plan<br \/><\/span><span style=\"font-style: normal; letter-spacing: 0px;\">- Two single beds<br \/><\/span><span style=\"font-style: normal; letter-spacing: 0px;\">- Wardrobe<\/span><\/span><br \/><span style=\"font-family: 'Roboto Slab'; font-size: 16pt;\"><span style=\"font-style: normal; letter-spacing: 0px;\">- Electricity outlet near the bed<br \/><\/span><span style=\"font-style: normal; letter-spacing: 0px;\">- Garden view<br \/><\/span><span style=\"font-style: normal; letter-spacing: 0px;\">- Bed linen is included<br \/><\/span><span style=\"font-style: normal; letter-spacing: 0px;\">- Towels included<br \/><\/span><span style=\"font-style: normal; letter-spacing: 0px;\">- Shared bathroom<br \/><\/span><span style=\"font-style: normal; letter-spacing: 0px;\">- Free Wifi<\/span><\/span><\/p>\n<\/blockquote>\n<p><\/p>\t\t\t\t\t\t\t\t<\/div>\n\t\t\t\t<\/div>\n\t\t\t\t\t<\/div>\n\t\t<\/div>\n\t\t\t\t\t<\/div>\n\t\t<\/section>\n\t\t\t\t<section class=\"elementor-section elementor-top-section elementor-element elementor-element-37e998f elementor-section-boxed elementor-section-height-default elementor-section-height-default\" data-id=\"37e998f\" data-element_type=\"section\" data-e-type=\"section\">\n\t\t\t\t\t\t<div class=\"elementor-container elementor-column-gap-default\">\n\t\t\t\t\t<div class=\"elementor-column elementor-col-100 elementor-top-column elementor-element elementor-element-d84a981\" data-id=\"d84a981\" data-element_type=\"column\" data-e-type=\"column\">\n\t\t\t<div class=\"elementor-widget-wrap elementor-element-populated\">\n\t\t\t\t\t\t<div class=\"elementor-element elementor-element-464d5d5 elementor-align-center elementor-widget elementor-widget-button\" data-id=\"464d5d5\" data-element_type=\"widget\" data-e-type=\"widget\" data-widget_type=\"button.default\">\n\t\t\t\t<div class=\"elementor-widget-container\">\n\t\t\t\t\t\t\t\t\t<div class=\"elementor-button-wrapper\">\n\t\t\t\t\t<a class=\"elementor-button elementor-button-link elementor-size-lg\" href=\"https:\/\/vegbybolsgard.se\/index.php\/bokningsforfragan\/\">\n\t\t\t\t\t\t<span class=\"elementor-button-content-wrapper\">\n\t\t\t\t\t\t\t\t\t<span class=\"elementor-button-text\">Prices\/Book<\/span>\n\t\t\t\t\t<\/span>\n\t\t\t\t\t<\/a>\n\t\t\t\t<\/div>\n\t\t\t\t\t\t\t\t<\/div>\n\t\t\t\t<\/div>\n\t\t\t\t\t<\/div>\n\t\t<\/div>\n\t\t\t\t\t<\/div>\n\t\t<\/section>\n\t\t\t\t<\/div>","protected":false},"excerpt":{"rendered":"<p>Previous Next Rummets storlek 10 m\u00b2 Rumsfaciliteter:&#8211; Nedre v\u00e5ningsplan&#8211; Tv\u00e5 enkels\u00e4ngar&#8211; Kl\u00e4dsk\u00e5p&#8211; Eluttag n\u00e4ra s\u00e4ngen&#8211; Tr\u00e4dg\u00e5rdsutsikt&#8211; S\u00e4ngkl\u00e4der ing\u00e5r&#8211; Handdukar ing\u00e5r&#8211; Delat badrum&#8211; Gratis Wifi Priser\/Boka<\/p>","protected":false},"author":1,"featured_media":0,"parent":0,"menu_order":0,"comment_status":"closed","ping_status":"open","template":"template-full-width.php","meta":{"footnotes":""},"class_list":["post-206","page","type-page","status-publish","hentry"],"yoast_head":"<!-- This site is optimized with the Yoast SEO plugin v27.4 - https:\/\/yoast.com\/product\/yoast-seo-wordpress\/ -->\n<title>Rum 4 - Vegby Bolsg&aring;rd<\/title>\n<meta name=\"robots\" content=\"index, follow, max-snippet:-1, max-image-preview:large, max-video-preview:-1\" \/>\n<link rel=\"canonical\" href=\"https:\/\/vegbybolsgard.se\/en\/rum-4\/\" \/>\n<meta property=\"og:locale\" content=\"en_US\" \/>\n<meta property=\"og:type\" content=\"article\" \/>\n<meta property=\"og:title\" content=\"Rum 4 - Vegby Bolsg&aring;rd\" \/>\n<meta property=\"og:description\" content=\"Previous Next Rummets storlek 10 m\u00b2 Rumsfaciliteter:&#8211; Nedre v\u00e5ningsplan&#8211; Tv\u00e5 enkels\u00e4ngar&#8211; Kl\u00e4dsk\u00e5p&#8211; Eluttag n\u00e4ra s\u00e4ngen&#8211; Tr\u00e4dg\u00e5rdsutsikt&#8211; S\u00e4ngkl\u00e4der ing\u00e5r&#8211; Handdukar ing\u00e5r&#8211; Delat badrum&#8211; Gratis Wifi Priser\/Boka\" \/>\n<meta property=\"og:url\" content=\"https:\/\/vegbybolsgard.se\/en\/rum-4\/\" \/>\n<meta property=\"og:site_name\" content=\"Vegby Bolsg&aring;rd\" \/>\n<meta property=\"article:publisher\" content=\"https:\/\/www.facebook.com\/vegbybolsgard\" \/>\n<meta property=\"article:modified_time\" content=\"2022-04-14T09:23:35+00:00\" \/>\n<meta property=\"og:image\" content=\"https:\/\/vegbybolsgard.se\/wp-content\/uploads\/2022\/04\/rum4_1-1.jpg\" \/>\n<meta name=\"twitter:card\" content=\"summary_large_image\" \/>\n<meta name=\"twitter:label1\" content=\"Est. reading time\" \/>\n\t<meta name=\"twitter:data1\" content=\"1 minute\" \/>\n<script type=\"application\/ld+json\" class=\"yoast-schema-graph\">{\"@context\":\"https:\\\/\\\/schema.org\",\"@graph\":[{\"@type\":\"WebPage\",\"@id\":\"https:\\\/\\\/vegbybolsgard.se\\\/rum-4\\\/\",\"url\":\"https:\\\/\\\/vegbybolsgard.se\\\/rum-4\\\/\",\"name\":\"Rum 4 - Vegby Bolsg&aring;rd\",\"isPartOf\":{\"@id\":\"https:\\\/\\\/vegbybolsgard.se\\\/#website\"},\"primaryImageOfPage\":{\"@id\":\"https:\\\/\\\/vegbybolsgard.se\\\/rum-4\\\/#primaryimage\"},\"image\":{\"@id\":\"https:\\\/\\\/vegbybolsgard.se\\\/rum-4\\\/#primaryimage\"},\"thumbnailUrl\":\"https:\\\/\\\/vegbybolsgard.se\\\/wp-content\\\/uploads\\\/2022\\\/04\\\/rum4_1-1.jpg\",\"datePublished\":\"2020-06-14T15:49:46+00:00\",\"dateModified\":\"2022-04-14T09:23:35+00:00\",\"breadcrumb\":{\"@id\":\"https:\\\/\\\/vegbybolsgard.se\\\/rum-4\\\/#breadcrumb\"},\"inLanguage\":\"en-US\",\"potentialAction\":[{\"@type\":\"ReadAction\",\"target\":[\"https:\\\/\\\/vegbybolsgard.se\\\/rum-4\\\/\"]}]},{\"@type\":\"ImageObject\",\"inLanguage\":\"en-US\",\"@id\":\"https:\\\/\\\/vegbybolsgard.se\\\/rum-4\\\/#primaryimage\",\"url\":\"https:\\\/\\\/vegbybolsgard.se\\\/wp-content\\\/uploads\\\/2022\\\/04\\\/rum4_1-1.jpg\",\"contentUrl\":\"https:\\\/\\\/vegbybolsgard.se\\\/wp-content\\\/uploads\\\/2022\\\/04\\\/rum4_1-1.jpg\"},{\"@type\":\"BreadcrumbList\",\"@id\":\"https:\\\/\\\/vegbybolsgard.se\\\/rum-4\\\/#breadcrumb\",\"itemListElement\":[{\"@type\":\"ListItem\",\"position\":1,\"name\":\"Home\",\"item\":\"https:\\\/\\\/vegbybolsgard.se\\\/\"},{\"@type\":\"ListItem\",\"position\":2,\"name\":\"Rum 4\"}]},{\"@type\":\"WebSite\",\"@id\":\"https:\\\/\\\/vegbybolsgard.se\\\/#website\",\"url\":\"https:\\\/\\\/vegbybolsgard.se\\\/\",\"name\":\"Vegby Bolsg\u00e5rd\",\"description\":\"V&auml;lkommen att bo p&aring; v&aring;r g&aring;rd\",\"publisher\":{\"@id\":\"https:\\\/\\\/vegbybolsgard.se\\\/#organization\"},\"potentialAction\":[{\"@type\":\"SearchAction\",\"target\":{\"@type\":\"EntryPoint\",\"urlTemplate\":\"https:\\\/\\\/vegbybolsgard.se\\\/?s={search_term_string}\"},\"query-input\":{\"@type\":\"PropertyValueSpecification\",\"valueRequired\":true,\"valueName\":\"search_term_string\"}}],\"inLanguage\":\"en-US\"},{\"@type\":\"Organization\",\"@id\":\"https:\\\/\\\/vegbybolsgard.se\\\/#organization\",\"name\":\"Vegby Bolsg\u00e5rd\",\"url\":\"https:\\\/\\\/vegbybolsgard.se\\\/\",\"logo\":{\"@type\":\"ImageObject\",\"inLanguage\":\"en-US\",\"@id\":\"https:\\\/\\\/vegbybolsgard.se\\\/#\\\/schema\\\/logo\\\/image\\\/\",\"url\":\"https:\\\/\\\/vegbybolsgard.se\\\/wp-content\\\/uploads\\\/2020\\\/07\\\/Vegby_mail_logo_contact_form.png\",\"contentUrl\":\"https:\\\/\\\/vegbybolsgard.se\\\/wp-content\\\/uploads\\\/2020\\\/07\\\/Vegby_mail_logo_contact_form.png\",\"width\":255,\"height\":40,\"caption\":\"Vegby Bolsg\u00e5rd\"},\"image\":{\"@id\":\"https:\\\/\\\/vegbybolsgard.se\\\/#\\\/schema\\\/logo\\\/image\\\/\"},\"sameAs\":[\"https:\\\/\\\/www.facebook.com\\\/vegbybolsgard\"]}]}<\/script>\n<!-- \/ Yoast SEO plugin. -->","yoast_head_json":{"title":"Rum 4 - Vegby Bolsg&aring;rd","robots":{"index":"index","follow":"follow","max-snippet":"max-snippet:-1","max-image-preview":"max-image-preview:large","max-video-preview":"max-video-preview:-1"},"canonical":"https:\/\/vegbybolsgard.se\/en\/rum-4\/","og_locale":"en_US","og_type":"article","og_title":"Rum 4 - Vegby Bolsg&aring;rd","og_description":"Previous Next Rummets storlek 10 m\u00b2 Rumsfaciliteter:&#8211; Nedre v\u00e5ningsplan&#8211; Tv\u00e5 enkels\u00e4ngar&#8211; Kl\u00e4dsk\u00e5p&#8211; Eluttag n\u00e4ra s\u00e4ngen&#8211; Tr\u00e4dg\u00e5rdsutsikt&#8211; S\u00e4ngkl\u00e4der ing\u00e5r&#8211; Handdukar ing\u00e5r&#8211; Delat badrum&#8211; Gratis Wifi Priser\/Boka","og_url":"https:\/\/vegbybolsgard.se\/en\/rum-4\/","og_site_name":"Vegby Bolsg&aring;rd","article_publisher":"https:\/\/www.facebook.com\/vegbybolsgard","article_modified_time":"2022-04-14T09:23:35+00:00","og_image":[{"url":"https:\/\/vegbybolsgard.se\/wp-content\/uploads\/2022\/04\/rum4_1-1.jpg","type":"","width":"","height":""}],"twitter_card":"summary_large_image","twitter_misc":{"Est. reading time":"1 minute"},"schema":{"@context":"https:\/\/schema.org","@graph":[{"@type":"WebPage","@id":"https:\/\/vegbybolsgard.se\/rum-4\/","url":"https:\/\/vegbybolsgard.se\/rum-4\/","name":"Rum 4 - Vegby Bolsg&aring;rd","isPartOf":{"@id":"https:\/\/vegbybolsgard.se\/#website"},"primaryImageOfPage":{"@id":"https:\/\/vegbybolsgard.se\/rum-4\/#primaryimage"},"image":{"@id":"https:\/\/vegbybolsgard.se\/rum-4\/#primaryimage"},"thumbnailUrl":"https:\/\/vegbybolsgard.se\/wp-content\/uploads\/2022\/04\/rum4_1-1.jpg","datePublished":"2020-06-14T15:49:46+00:00","dateModified":"2022-04-14T09:23:35+00:00","breadcrumb":{"@id":"https:\/\/vegbybolsgard.se\/rum-4\/#breadcrumb"},"inLanguage":"en-US","potentialAction":[{"@type":"ReadAction","target":["https:\/\/vegbybolsgard.se\/rum-4\/"]}]},{"@type":"ImageObject","inLanguage":"en-US","@id":"https:\/\/vegbybolsgard.se\/rum-4\/#primaryimage","url":"https:\/\/vegbybolsgard.se\/wp-content\/uploads\/2022\/04\/rum4_1-1.jpg","contentUrl":"https:\/\/vegbybolsgard.se\/wp-content\/uploads\/2022\/04\/rum4_1-1.jpg"},{"@type":"BreadcrumbList","@id":"https:\/\/vegbybolsgard.se\/rum-4\/#breadcrumb","itemListElement":[{"@type":"ListItem","position":1,"name":"Home","item":"https:\/\/vegbybolsgard.se\/"},{"@type":"ListItem","position":2,"name":"Rum 4"}]},{"@type":"WebSite","@id":"https:\/\/vegbybolsgard.se\/#website","url":"https:\/\/vegbybolsgard.se\/","name":"Vegby Bolsg\u00e5rd","description":"Welcome to stay on our farm","publisher":{"@id":"https:\/\/vegbybolsgard.se\/#organization"},"potentialAction":[{"@type":"SearchAction","target":{"@type":"EntryPoint","urlTemplate":"https:\/\/vegbybolsgard.se\/?s={search_term_string}"},"query-input":{"@type":"PropertyValueSpecification","valueRequired":true,"valueName":"search_term_string"}}],"inLanguage":"en-US"},{"@type":"Organization","@id":"https:\/\/vegbybolsgard.se\/#organization","name":"Vegby Bolsg\u00e5rd","url":"https:\/\/vegbybolsgard.se\/","logo":{"@type":"ImageObject","inLanguage":"en-US","@id":"https:\/\/vegbybolsgard.se\/#\/schema\/logo\/image\/","url":"https:\/\/vegbybolsgard.se\/wp-content\/uploads\/2020\/07\/Vegby_mail_logo_contact_form.png","contentUrl":"https:\/\/vegbybolsgard.se\/wp-content\/uploads\/2020\/07\/Vegby_mail_logo_contact_form.png","width":255,"height":40,"caption":"Vegby Bolsg\u00e5rd"},"image":{"@id":"https:\/\/vegbybolsgard.se\/#\/schema\/logo\/image\/"},"sameAs":["https:\/\/www.facebook.com\/vegbybolsgard"]}]}},"_links":{"self":[{"href":"https:\/\/vegbybolsgard.se\/en\/wp-json\/wp\/v2\/pages\/206","targetHints":{"allow":["GET"]}}],"collection":[{"href":"https:\/\/vegbybolsgard.se\/en\/wp-json\/wp\/v2\/pages"}],"about":[{"href":"https:\/\/vegbybolsgard.se\/en\/wp-json\/wp\/v2\/types\/page"}],"author":[{"embeddable":true,"href":"https:\/\/vegbybolsgard.se\/en\/wp-json\/wp\/v2\/users\/1"}],"replies":[{"embeddable":true,"href":"https:\/\/vegbybolsgard.se\/en\/wp-json\/wp\/v2\/comments?post=206"}],"version-history":[{"count":24,"href":"https:\/\/vegbybolsgard.se\/en\/wp-json\/wp\/v2\/pages\/206\/revisions"}],"predecessor-version":[{"id":860,"href":"https:\/\/vegbybolsgard.se\/en\/wp-json\/wp\/v2\/pages\/206\/revisions\/860"}],"wp:attachment":[{"href":"https:\/\/vegbybolsgard.se\/en\/wp-json\/wp\/v2\/media?parent=206"}],"curies":[{"name":"wp","href":"https:\/\/api.w.org\/{rel}","templated":true}]}}