{"id":66,"date":"2020-06-13T15:46:36","date_gmt":"2020-06-13T15:46:36","guid":{"rendered":"http:\/\/vegby.pn2.homeip.net\/?page_id=66"},"modified":"2025-01-15T07:53:28","modified_gmt":"2025-01-15T05:53:28","slug":"lillstugan","status":"publish","type":"page","link":"https:\/\/vegbybolsgard.se\/en\/lillstugan\/","title":{"rendered":"&#8221;Lillstugan&#8221;"},"content":{"rendered":"<div data-elementor-type=\"wp-page\" data-elementor-id=\"66\" class=\"elementor elementor-66\">\n\t\t\t\t\t\t<section class=\"elementor-section elementor-top-section elementor-element elementor-element-9b8fc8d elementor-section-boxed elementor-section-height-default elementor-section-height-default\" data-id=\"9b8fc8d\" data-element_type=\"section\" data-e-type=\"section\">\n\t\t\t\t\t\t<div class=\"elementor-container elementor-column-gap-default\">\n\t\t\t\t\t<div class=\"elementor-column elementor-col-100 elementor-top-column elementor-element elementor-element-fc9a392\" data-id=\"fc9a392\" data-element_type=\"column\" data-e-type=\"column\">\n\t\t\t<div class=\"elementor-widget-wrap elementor-element-populated\">\n\t\t\t\t\t\t<div class=\"elementor-element elementor-element-6939417 elementor-arrows-position-inside elementor-pagination-position-outside elementor-widget elementor-widget-image-carousel\" data-id=\"6939417\" data-element_type=\"widget\" data-e-type=\"widget\" data-settings=\"{&quot;slides_to_show&quot;:&quot;1&quot;,&quot;autoplay&quot;:&quot;no&quot;,&quot;navigation&quot;:&quot;both&quot;,&quot;infinite&quot;:&quot;yes&quot;,&quot;effect&quot;:&quot;slide&quot;,&quot;speed&quot;:500}\" data-widget_type=\"image-carousel.default\">\n\t\t\t\t<div class=\"elementor-widget-container\">\n\t\t\t\t\t\t\t<div class=\"elementor-image-carousel-wrapper swiper\" role=\"region\" aria-roledescription=\"carousel\" aria-label=\"Bildkarusell\" dir=\"ltr\">\n\t\t\t<div class=\"elementor-image-carousel swiper-wrapper swiper-image-stretch\" aria-live=\"polite\">\n\t\t\t\t\t\t\t\t<div class=\"swiper-slide\" role=\"group\" aria-roledescription=\"slide\" aria-label=\"1 of 12\"><figure class=\"swiper-slide-inner\"><img decoding=\"async\" class=\"swiper-slide-image\" src=\"https:\/\/vegbybolsgard.se\/wp-content\/uploads\/2020\/07\/Lillstugan_wide.jpg\" alt=\"OLYMPUS DIGITAL CAMERA\" \/><\/figure><\/div><div class=\"swiper-slide\" role=\"group\" aria-roledescription=\"slide\" aria-label=\"2 of 12\"><figure class=\"swiper-slide-inner\"><img decoding=\"async\" class=\"swiper-slide-image\" src=\"https:\/\/vegbybolsgard.se\/wp-content\/uploads\/2020\/07\/Lillstugan_bak_wide.jpg\" alt=\"Lillstugan_bak_wide\" \/><\/figure><\/div><div class=\"swiper-slide\" role=\"group\" aria-roledescription=\"slide\" aria-label=\"3 of 12\"><figure class=\"swiper-slide-inner\"><img decoding=\"async\" class=\"swiper-slide-image\" src=\"https:\/\/vegbybolsgard.se\/wp-content\/uploads\/2020\/07\/Allrum.jpg\" alt=\"Allrum\" \/><\/figure><\/div><div class=\"swiper-slide\" role=\"group\" aria-roledescription=\"slide\" aria-label=\"4 of 12\"><figure class=\"swiper-slide-inner\"><img decoding=\"async\" class=\"swiper-slide-image\" src=\"https:\/\/vegbybolsgard.se\/wp-content\/uploads\/2020\/07\/Allrum_tv.jpg\" alt=\"Allrum_tv\" \/><\/figure><\/div><div class=\"swiper-slide\" role=\"group\" aria-roledescription=\"slide\" aria-label=\"5 of 12\"><figure class=\"swiper-slide-inner\"><img decoding=\"async\" class=\"swiper-slide-image\" src=\"https:\/\/vegbybolsgard.se\/wp-content\/uploads\/2020\/07\/K\u00f6k.jpg\" alt=\"K\u00f6k\" \/><\/figure><\/div><div class=\"swiper-slide\" role=\"group\" aria-roledescription=\"slide\" aria-label=\"6 of 12\"><figure class=\"swiper-slide-inner\"><img decoding=\"async\" class=\"swiper-slide-image\" src=\"https:\/\/vegbybolsgard.se\/wp-content\/uploads\/2020\/07\/K\u00f6ksbord.jpg\" alt=\"K\u00f6ksbord\" \/><\/figure><\/div><div class=\"swiper-slide\" role=\"group\" aria-roledescription=\"slide\" aria-label=\"7 of 12\"><figure class=\"swiper-slide-inner\"><img decoding=\"async\" class=\"swiper-slide-image\" src=\"https:\/\/vegbybolsgard.se\/wp-content\/uploads\/2023\/07\/photo_2023-07-15_11-37-02-wide.jpg\" alt=\"photo_2023-07-15_11-37-02-wide\" \/><\/figure><\/div><div class=\"swiper-slide\" role=\"group\" aria-roledescription=\"slide\" aria-label=\"8 of 12\"><figure class=\"swiper-slide-inner\"><img decoding=\"async\" class=\"swiper-slide-image\" src=\"https:\/\/vegbybolsgard.se\/wp-content\/uploads\/2023\/07\/photo_2023-07-15_11-46-38-wide.jpg\" alt=\"photo_2023-07-15_11-46-38-wide\" \/><\/figure><\/div><div class=\"swiper-slide\" role=\"group\" aria-roledescription=\"slide\" aria-label=\"9 of 12\"><figure class=\"swiper-slide-inner\"><img decoding=\"async\" class=\"swiper-slide-image\" src=\"https:\/\/vegbybolsgard.se\/wp-content\/uploads\/2023\/07\/20230715_113047-wide-scaled.jpg\" alt=\"20230715_113047-wide\" \/><\/figure><\/div><div class=\"swiper-slide\" role=\"group\" aria-roledescription=\"slide\" aria-label=\"10 of 12\"><figure class=\"swiper-slide-inner\"><img decoding=\"async\" class=\"swiper-slide-image\" src=\"https:\/\/vegbybolsgard.se\/wp-content\/uploads\/2023\/07\/20230715_113010-wide.jpg\" alt=\"20230715_113010-wide\" \/><\/figure><\/div><div class=\"swiper-slide\" role=\"group\" aria-roledescription=\"slide\" aria-label=\"11 of 12\"><figure class=\"swiper-slide-inner\"><img decoding=\"async\" class=\"swiper-slide-image\" src=\"https:\/\/vegbybolsgard.se\/wp-content\/uploads\/2020\/07\/Sovrum_2-2.jpg\" alt=\"Sovrum_2-2\" \/><\/figure><\/div><div class=\"swiper-slide\" role=\"group\" aria-roledescription=\"slide\" aria-label=\"12 of 12\"><figure class=\"swiper-slide-inner\"><img decoding=\"async\" class=\"swiper-slide-image\" src=\"https:\/\/vegbybolsgard.se\/wp-content\/uploads\/2020\/07\/Sovrum_2.jpg\" alt=\"Sovrum_2\" \/><\/figure><\/div>\t\t\t<\/div>\n\t\t\t\t\t\t\t\t\t\t\t\t<div class=\"elementor-swiper-button elementor-swiper-button-prev\" role=\"button\" tabindex=\"0\">\n\t\t\t\t\t\t<i aria-hidden=\"true\" class=\"eicon-chevron-left\"><\/i>\t\t\t\t\t<\/div>\n\t\t\t\t\t<div class=\"elementor-swiper-button elementor-swiper-button-next\" role=\"button\" tabindex=\"0\">\n\t\t\t\t\t\t<i aria-hidden=\"true\" class=\"eicon-chevron-right\"><\/i>\t\t\t\t\t<\/div>\n\t\t\t\t\n\t\t\t\t\t\t\t\t\t<div class=\"swiper-pagination\"><\/div>\n\t\t\t\t\t\t\t\t\t<\/div>\n\t\t\t\t\t\t<\/div>\n\t\t\t\t<\/div>\n\t\t\t\t\t<\/div>\n\t\t<\/div>\n\t\t\t\t\t<\/div>\n\t\t<\/section>\n\t\t\t\t<section class=\"elementor-section elementor-top-section elementor-element elementor-element-37b626bd elementor-section-boxed elementor-section-height-default elementor-section-height-default\" data-id=\"37b626bd\" data-element_type=\"section\" data-e-type=\"section\">\n\t\t\t\t\t\t<div class=\"elementor-container elementor-column-gap-default\">\n\t\t\t\t\t<div class=\"elementor-column elementor-col-100 elementor-top-column elementor-element elementor-element-17aef4ec\" data-id=\"17aef4ec\" data-element_type=\"column\" data-e-type=\"column\">\n\t\t\t<div class=\"elementor-widget-wrap elementor-element-populated\">\n\t\t\t\t\t\t<div class=\"elementor-element elementor-element-44346c2b elementor-widget elementor-widget-text-editor\" data-id=\"44346c2b\" data-element_type=\"widget\" data-e-type=\"widget\" data-widget_type=\"text-editor.default\">\n\t\t\t\t<div class=\"elementor-widget-container\">\n\t\t\t\t\t\t\t\t\t<blockquote>\n<p><span style=\"font-size: 16pt; font-style: normal; letter-spacing: 0px; font-family: 'Roboto Slab';\">\"Lillstugan\" is a fresh, modern and pleasant small farmhouse. The kitchen is well equipped incuding kettle, coffee maker, toaster, dishwasher and microwave.<\/span><\/p>\n<p><span style=\"font-size: 21px; letter-spacing: 0px;\">Two bedrooms, one with a double bed and the other with two single beds. Living room with TV (Chromecast) and sofa bed with space for two people. Toilet with shower and a washing machine. High chair and cot are available if required.<\/span><\/p>\n<p><span style=\"font-family: 'Roboto Slab'; font-style: normal; letter-spacing: 0px; font-size: 21.3333px;\">Wireless internet is available throughout the house. Bed linen and towels are included.<\/span><\/p>\n<p><span style=\"font-family: 'Roboto Slab'; font-style: normal; letter-spacing: 0px; font-size: 21.3333px;\">The house has a large terrace with access to garden furniture and barbecue in summer.<\/span><\/p>\n<p><span style=\"font-family: 'Roboto Slab'; font-style: normal; letter-spacing: 0px; font-size: 21.3333px;\">Non smoking!<\/span><\/p>\n<p><span style=\"font-size: 21.3333px;\">No pets allowed!<\/span><\/p>\n<p><span style=\"font-family: 'Roboto Slab'; font-style: normal; letter-spacing: 0px; font-size: 21.3333px;\">The house is about 80 sqm<\/span><\/p>\n<\/blockquote>\n<p><!-- \/wp:paragraph --><\/p>\t\t\t\t\t\t\t\t<\/div>\n\t\t\t\t<\/div>\n\t\t\t\t\t<\/div>\n\t\t<\/div>\n\t\t\t\t\t<\/div>\n\t\t<\/section>\n\t\t\t\t<section class=\"elementor-section elementor-top-section elementor-element elementor-element-0546f98 elementor-section-boxed elementor-section-height-default elementor-section-height-default\" data-id=\"0546f98\" data-element_type=\"section\" data-e-type=\"section\">\n\t\t\t\t\t\t<div class=\"elementor-container elementor-column-gap-default\">\n\t\t\t\t\t<div class=\"elementor-column elementor-col-100 elementor-top-column elementor-element elementor-element-81422e6\" data-id=\"81422e6\" data-element_type=\"column\" data-e-type=\"column\">\n\t\t\t<div class=\"elementor-widget-wrap elementor-element-populated\">\n\t\t\t\t\t\t<div class=\"elementor-element elementor-element-5e5b0fb elementor-align-center elementor-widget elementor-widget-button\" data-id=\"5e5b0fb\" data-element_type=\"widget\" data-e-type=\"widget\" data-widget_type=\"button.default\">\n\t\t\t\t<div class=\"elementor-widget-container\">\n\t\t\t\t\t\t\t\t\t<div class=\"elementor-button-wrapper\">\n\t\t\t\t\t<a class=\"elementor-button elementor-button-link elementor-size-lg\" href=\"https:\/\/vegbybolsgard.se\/index.php\/bokningsforfragan\/\">\n\t\t\t\t\t\t<span class=\"elementor-button-content-wrapper\">\n\t\t\t\t\t\t\t\t\t<span class=\"elementor-button-text\">Prices\/Book<\/span>\n\t\t\t\t\t<\/span>\n\t\t\t\t\t<\/a>\n\t\t\t\t<\/div>\n\t\t\t\t\t\t\t\t<\/div>\n\t\t\t\t<\/div>\n\t\t\t\t\t<\/div>\n\t\t<\/div>\n\t\t\t\t\t<\/div>\n\t\t<\/section>\n\t\t\t\t<\/div>","protected":false},"excerpt":{"rendered":"<p>&#8221;Lillstugan&#8221; \u00e4r ett fr\u00e4scht, modernt och trivsamt litet g\u00e5rdshus. K\u00f6ket \u00e4r v\u00e4lutrustat med bla. vattenkokare kaffebryggare, br\u00f6drost, diskmaskin och mikrov\u00e5gsugn. Tv\u00e5 sovrum varav ett med dubbels\u00e4ng och det andra med tv\u00e5 enkels\u00e4ngar. Allrum med TV (Chromecast) samt b\u00e4ddsoffa med plats f\u00f6r tv\u00e5 personer. Toalett med dusch och en tv\u00e4ttmaskin. Barnstol och spj\u00e4ls\u00e4ng finns vid behov. <a class=\"read-more\" href=\"https:\/\/vegbybolsgard.se\/en\/lillstugan\/\">Read More<\/a><\/p>","protected":false},"author":1,"featured_media":0,"parent":0,"menu_order":0,"comment_status":"closed","ping_status":"open","template":"template-full-width.php","meta":{"footnotes":""},"class_list":["post-66","page","type-page","status-publish","hentry"],"yoast_head":"<!-- This site is optimized with the Yoast SEO plugin v27.5 - https:\/\/yoast.com\/product\/yoast-seo-wordpress\/ -->\n<title>&quot;Lillstugan&quot; - Vegby Bolsg&aring;rd<\/title>\n<meta name=\"robots\" content=\"index, follow, max-snippet:-1, max-image-preview:large, max-video-preview:-1\" \/>\n<link rel=\"canonical\" href=\"https:\/\/vegbybolsgard.se\/en\/lillstugan\/\" \/>\n<meta property=\"og:locale\" content=\"en_US\" \/>\n<meta property=\"og:type\" content=\"article\" \/>\n<meta property=\"og:title\" content=\"&quot;Lillstugan&quot; - Vegby Bolsg&aring;rd\" \/>\n<meta property=\"og:description\" content=\"&#8221;Lillstugan&#8221; \u00e4r ett fr\u00e4scht, modernt och trivsamt litet g\u00e5rdshus. K\u00f6ket \u00e4r v\u00e4lutrustat med bla. vattenkokare kaffebryggare, br\u00f6drost, diskmaskin och mikrov\u00e5gsugn. Tv\u00e5 sovrum varav ett med dubbels\u00e4ng och det andra med tv\u00e5 enkels\u00e4ngar. Allrum med TV (Chromecast) samt b\u00e4ddsoffa med plats f\u00f6r tv\u00e5 personer. Toalett med dusch och en tv\u00e4ttmaskin. Barnstol och spj\u00e4ls\u00e4ng finns vid behov. Read More\" \/>\n<meta property=\"og:url\" content=\"https:\/\/vegbybolsgard.se\/en\/lillstugan\/\" \/>\n<meta property=\"og:site_name\" content=\"Vegby Bolsg&aring;rd\" \/>\n<meta property=\"article:publisher\" content=\"https:\/\/www.facebook.com\/vegbybolsgard\" \/>\n<meta property=\"article:modified_time\" content=\"2025-01-15T05:53:28+00:00\" \/>\n<meta property=\"og:image\" content=\"https:\/\/vegbybolsgard.se\/wp-content\/uploads\/2020\/07\/Lillstugan_wide.jpg\" \/>\n<meta name=\"twitter:card\" content=\"summary_large_image\" \/>\n<meta name=\"twitter:label1\" content=\"Est. reading time\" \/>\n\t<meta name=\"twitter:data1\" content=\"3 minutes\" \/>\n<script type=\"application\/ld+json\" class=\"yoast-schema-graph\">{\"@context\":\"https:\\\/\\\/schema.org\",\"@graph\":[{\"@type\":\"WebPage\",\"@id\":\"https:\\\/\\\/vegbybolsgard.se\\\/lillstugan\\\/\",\"url\":\"https:\\\/\\\/vegbybolsgard.se\\\/lillstugan\\\/\",\"name\":\"\\\"Lillstugan\\\" - Vegby Bolsg&aring;rd\",\"isPartOf\":{\"@id\":\"https:\\\/\\\/vegbybolsgard.se\\\/#website\"},\"primaryImageOfPage\":{\"@id\":\"https:\\\/\\\/vegbybolsgard.se\\\/lillstugan\\\/#primaryimage\"},\"image\":{\"@id\":\"https:\\\/\\\/vegbybolsgard.se\\\/lillstugan\\\/#primaryimage\"},\"thumbnailUrl\":\"https:\\\/\\\/vegbybolsgard.se\\\/wp-content\\\/uploads\\\/2020\\\/07\\\/Lillstugan_wide.jpg\",\"datePublished\":\"2020-06-13T15:46:36+00:00\",\"dateModified\":\"2025-01-15T05:53:28+00:00\",\"breadcrumb\":{\"@id\":\"https:\\\/\\\/vegbybolsgard.se\\\/lillstugan\\\/#breadcrumb\"},\"inLanguage\":\"en-US\",\"potentialAction\":[{\"@type\":\"ReadAction\",\"target\":[\"https:\\\/\\\/vegbybolsgard.se\\\/lillstugan\\\/\"]}]},{\"@type\":\"ImageObject\",\"inLanguage\":\"en-US\",\"@id\":\"https:\\\/\\\/vegbybolsgard.se\\\/lillstugan\\\/#primaryimage\",\"url\":\"https:\\\/\\\/vegbybolsgard.se\\\/wp-content\\\/uploads\\\/2020\\\/07\\\/Lillstugan_wide.jpg\",\"contentUrl\":\"https:\\\/\\\/vegbybolsgard.se\\\/wp-content\\\/uploads\\\/2020\\\/07\\\/Lillstugan_wide.jpg\"},{\"@type\":\"BreadcrumbList\",\"@id\":\"https:\\\/\\\/vegbybolsgard.se\\\/lillstugan\\\/#breadcrumb\",\"itemListElement\":[{\"@type\":\"ListItem\",\"position\":1,\"name\":\"Home\",\"item\":\"https:\\\/\\\/vegbybolsgard.se\\\/\"},{\"@type\":\"ListItem\",\"position\":2,\"name\":\"&#8221;Lillstugan&#8221;\"}]},{\"@type\":\"WebSite\",\"@id\":\"https:\\\/\\\/vegbybolsgard.se\\\/#website\",\"url\":\"https:\\\/\\\/vegbybolsgard.se\\\/\",\"name\":\"Vegby Bolsg\u00e5rd\",\"description\":\"V&auml;lkommen att bo p&aring; v&aring;r g&aring;rd\",\"publisher\":{\"@id\":\"https:\\\/\\\/vegbybolsgard.se\\\/#organization\"},\"potentialAction\":[{\"@type\":\"SearchAction\",\"target\":{\"@type\":\"EntryPoint\",\"urlTemplate\":\"https:\\\/\\\/vegbybolsgard.se\\\/?s={search_term_string}\"},\"query-input\":{\"@type\":\"PropertyValueSpecification\",\"valueRequired\":true,\"valueName\":\"search_term_string\"}}],\"inLanguage\":\"en-US\"},{\"@type\":\"Organization\",\"@id\":\"https:\\\/\\\/vegbybolsgard.se\\\/#organization\",\"name\":\"Vegby Bolsg\u00e5rd\",\"url\":\"https:\\\/\\\/vegbybolsgard.se\\\/\",\"logo\":{\"@type\":\"ImageObject\",\"inLanguage\":\"en-US\",\"@id\":\"https:\\\/\\\/vegbybolsgard.se\\\/#\\\/schema\\\/logo\\\/image\\\/\",\"url\":\"https:\\\/\\\/vegbybolsgard.se\\\/wp-content\\\/uploads\\\/2020\\\/07\\\/Vegby_mail_logo_contact_form.png\",\"contentUrl\":\"https:\\\/\\\/vegbybolsgard.se\\\/wp-content\\\/uploads\\\/2020\\\/07\\\/Vegby_mail_logo_contact_form.png\",\"width\":255,\"height\":40,\"caption\":\"Vegby Bolsg\u00e5rd\"},\"image\":{\"@id\":\"https:\\\/\\\/vegbybolsgard.se\\\/#\\\/schema\\\/logo\\\/image\\\/\"},\"sameAs\":[\"https:\\\/\\\/www.facebook.com\\\/vegbybolsgard\"]}]}<\/script>\n<!-- \/ Yoast SEO plugin. -->","yoast_head_json":{"title":"\"Lillstugan\" - Vegby Bolsg&aring;rd","robots":{"index":"index","follow":"follow","max-snippet":"max-snippet:-1","max-image-preview":"max-image-preview:large","max-video-preview":"max-video-preview:-1"},"canonical":"https:\/\/vegbybolsgard.se\/en\/lillstugan\/","og_locale":"en_US","og_type":"article","og_title":"\"Lillstugan\" - Vegby Bolsg&aring;rd","og_description":"&#8221;Lillstugan&#8221; \u00e4r ett fr\u00e4scht, modernt och trivsamt litet g\u00e5rdshus. K\u00f6ket \u00e4r v\u00e4lutrustat med bla. vattenkokare kaffebryggare, br\u00f6drost, diskmaskin och mikrov\u00e5gsugn. Tv\u00e5 sovrum varav ett med dubbels\u00e4ng och det andra med tv\u00e5 enkels\u00e4ngar. Allrum med TV (Chromecast) samt b\u00e4ddsoffa med plats f\u00f6r tv\u00e5 personer. Toalett med dusch och en tv\u00e4ttmaskin. Barnstol och spj\u00e4ls\u00e4ng finns vid behov. Read More","og_url":"https:\/\/vegbybolsgard.se\/en\/lillstugan\/","og_site_name":"Vegby Bolsg&aring;rd","article_publisher":"https:\/\/www.facebook.com\/vegbybolsgard","article_modified_time":"2025-01-15T05:53:28+00:00","og_image":[{"url":"https:\/\/vegbybolsgard.se\/wp-content\/uploads\/2020\/07\/Lillstugan_wide.jpg","type":"","width":"","height":""}],"twitter_card":"summary_large_image","twitter_misc":{"Est. reading time":"3 minutes"},"schema":{"@context":"https:\/\/schema.org","@graph":[{"@type":"WebPage","@id":"https:\/\/vegbybolsgard.se\/lillstugan\/","url":"https:\/\/vegbybolsgard.se\/lillstugan\/","name":"\"Lillstugan\" - Vegby Bolsg&aring;rd","isPartOf":{"@id":"https:\/\/vegbybolsgard.se\/#website"},"primaryImageOfPage":{"@id":"https:\/\/vegbybolsgard.se\/lillstugan\/#primaryimage"},"image":{"@id":"https:\/\/vegbybolsgard.se\/lillstugan\/#primaryimage"},"thumbnailUrl":"https:\/\/vegbybolsgard.se\/wp-content\/uploads\/2020\/07\/Lillstugan_wide.jpg","datePublished":"2020-06-13T15:46:36+00:00","dateModified":"2025-01-15T05:53:28+00:00","breadcrumb":{"@id":"https:\/\/vegbybolsgard.se\/lillstugan\/#breadcrumb"},"inLanguage":"en-US","potentialAction":[{"@type":"ReadAction","target":["https:\/\/vegbybolsgard.se\/lillstugan\/"]}]},{"@type":"ImageObject","inLanguage":"en-US","@id":"https:\/\/vegbybolsgard.se\/lillstugan\/#primaryimage","url":"https:\/\/vegbybolsgard.se\/wp-content\/uploads\/2020\/07\/Lillstugan_wide.jpg","contentUrl":"https:\/\/vegbybolsgard.se\/wp-content\/uploads\/2020\/07\/Lillstugan_wide.jpg"},{"@type":"BreadcrumbList","@id":"https:\/\/vegbybolsgard.se\/lillstugan\/#breadcrumb","itemListElement":[{"@type":"ListItem","position":1,"name":"Home","item":"https:\/\/vegbybolsgard.se\/"},{"@type":"ListItem","position":2,"name":"&#8221;Lillstugan&#8221;"}]},{"@type":"WebSite","@id":"https:\/\/vegbybolsgard.se\/#website","url":"https:\/\/vegbybolsgard.se\/","name":"Vegby Bolsg\u00e5rd","description":"Welcome to stay on our farm","publisher":{"@id":"https:\/\/vegbybolsgard.se\/#organization"},"potentialAction":[{"@type":"SearchAction","target":{"@type":"EntryPoint","urlTemplate":"https:\/\/vegbybolsgard.se\/?s={search_term_string}"},"query-input":{"@type":"PropertyValueSpecification","valueRequired":true,"valueName":"search_term_string"}}],"inLanguage":"en-US"},{"@type":"Organization","@id":"https:\/\/vegbybolsgard.se\/#organization","name":"Vegby Bolsg\u00e5rd","url":"https:\/\/vegbybolsgard.se\/","logo":{"@type":"ImageObject","inLanguage":"en-US","@id":"https:\/\/vegbybolsgard.se\/#\/schema\/logo\/image\/","url":"https:\/\/vegbybolsgard.se\/wp-content\/uploads\/2020\/07\/Vegby_mail_logo_contact_form.png","contentUrl":"https:\/\/vegbybolsgard.se\/wp-content\/uploads\/2020\/07\/Vegby_mail_logo_contact_form.png","width":255,"height":40,"caption":"Vegby Bolsg\u00e5rd"},"image":{"@id":"https:\/\/vegbybolsgard.se\/#\/schema\/logo\/image\/"},"sameAs":["https:\/\/www.facebook.com\/vegbybolsgard"]}]}},"_links":{"self":[{"href":"https:\/\/vegbybolsgard.se\/en\/wp-json\/wp\/v2\/pages\/66","targetHints":{"allow":["GET"]}}],"collection":[{"href":"https:\/\/vegbybolsgard.se\/en\/wp-json\/wp\/v2\/pages"}],"about":[{"href":"https:\/\/vegbybolsgard.se\/en\/wp-json\/wp\/v2\/types\/page"}],"author":[{"embeddable":true,"href":"https:\/\/vegbybolsgard.se\/en\/wp-json\/wp\/v2\/users\/1"}],"replies":[{"embeddable":true,"href":"https:\/\/vegbybolsgard.se\/en\/wp-json\/wp\/v2\/comments?post=66"}],"version-history":[{"count":85,"href":"https:\/\/vegbybolsgard.se\/en\/wp-json\/wp\/v2\/pages\/66\/revisions"}],"predecessor-version":[{"id":1027,"href":"https:\/\/vegbybolsgard.se\/en\/wp-json\/wp\/v2\/pages\/66\/revisions\/1027"}],"wp:attachment":[{"href":"https:\/\/vegbybolsgard.se\/en\/wp-json\/wp\/v2\/media?parent=66"}],"curies":[{"name":"wp","href":"https:\/\/api.w.org\/{rel}","templated":true}]}}